{"id":119,"date":"2025-07-06T10:54:52","date_gmt":"2025-07-06T08:54:52","guid":{"rendered":"http:\/\/www.myyrpartio.fi\/index.php\/about-14\/"},"modified":"2025-07-06T12:45:57","modified_gmt":"2025-07-06T10:45:57","slug":"liity","status":"publish","type":"page","link":"https:\/\/www.myyrpartio.fi\/index.php\/liity\/","title":{"rendered":"Liity mukaan"},"content":{"rendered":"\n<div class=\"wp-block-group has-mono-1-background-color has-background is-layout-flow wp-container-core-group-is-layout-ce397403 wp-block-group-is-layout-flow\" style=\"margin-top:0;margin-bottom:0;padding-top:0;padding-right:0;padding-bottom:0;padding-left:0\">\n<div class=\"wp-block-cover\" style=\"padding-top:var(--wp--preset--spacing--superbspacing-xlarge);padding-right:0;padding-bottom:var(--wp--preset--spacing--superbspacing-xlarge);padding-left:0;min-height:50px;aspect-ratio:unset;\"><img loading=\"lazy\" decoding=\"async\" width=\"1024\" height=\"576\" class=\"wp-block-cover__image-background wp-image-90 size-large\" alt=\"\" src=\"http:\/\/www.myyrpartio.fi\/wp-content\/uploads\/2025\/07\/IMG20240701145403-1024x576.jpg\" data-object-fit=\"cover\" srcset=\"https:\/\/www.myyrpartio.fi\/wp-content\/uploads\/2025\/07\/IMG20240701145403-1024x576.jpg 1024w, https:\/\/www.myyrpartio.fi\/wp-content\/uploads\/2025\/07\/IMG20240701145403-300x169.jpg 300w, https:\/\/www.myyrpartio.fi\/wp-content\/uploads\/2025\/07\/IMG20240701145403-768x432.jpg 768w, https:\/\/www.myyrpartio.fi\/wp-content\/uploads\/2025\/07\/IMG20240701145403-1536x864.jpg 1536w, https:\/\/www.myyrpartio.fi\/wp-content\/uploads\/2025\/07\/IMG20240701145403-2048x1152.jpg 2048w, https:\/\/www.myyrpartio.fi\/wp-content\/uploads\/2025\/07\/IMG20240701145403-1140x641.jpg 1140w\" sizes=\"auto, (max-width: 1024px) 100vw, 1024px\" \/><span aria-hidden=\"true\" class=\"wp-block-cover__background has-background-dim-40 has-background-dim\" style=\"background-color:#6a738d\"><\/span><div class=\"wp-block-cover__inner-container is-layout-flow wp-block-cover-is-layout-flow\">\n<div class=\"wp-block-group has-global-padding is-layout-constrained wp-container-core-group-is-layout-27ec71c5 wp-block-group-is-layout-constrained\" style=\"padding-top:0;padding-right:var(--wp--preset--spacing--superbspacing-small);padding-bottom:0;padding-left:var(--wp--preset--spacing--superbspacing-small)\">\n<div class=\"wp-block-group has-global-padding is-content-justification-center is-layout-constrained wp-container-core-group-is-layout-32b5ec3b wp-block-group-is-layout-constrained\" style=\"margin-top:0;margin-bottom:0\">\n<h2 class=\"wp-block-heading has-text-align-center has-text-color has-superbfont-xxlarge-font-size\" style=\"color:#fdfdfd;font-style:normal;font-weight:400\">Liity joukkoomme!<\/h2>\n\n\n\n<p class=\"has-text-align-center has-text-color has-superbfont-small-font-size\" style=\"color:#fdfdfd;margin-bottom:var(--wp--preset--spacing--superbspacing-small)\">Partio tarjoaa monipuolisen harrastuksen kaiken ik\u00e4isille \u2013 siell\u00e4 opitaan yhdess\u00e4 tekem\u00e4ll\u00e4 hy\u00f6dyllisi\u00e4 taitoja, liikutaan luonnossa ja kasvetaan muita huomioiviksi ja ymp\u00e4rist\u00f6st\u00e4 huolehtiviksi yhteis\u00f6n j\u00e4seniksi.<\/p>\n\n\n\n<div class=\"wp-block-buttons is-content-justification-center is-layout-flex wp-container-core-buttons-is-layout-a89b3969 wp-block-buttons-is-layout-flex\">\n<div class=\"wp-block-button\"><a class=\"wp-block-button__link wp-element-button\" href=\"https:\/\/www.google.com\/url?q=https%3A%2F%2Fkuksa.partio.fi%2Fkotisivut%2Fjasenhakemus.aspx%3Fid%3D9999056&amp;sa=D&amp;sntz=1&amp;usg=AOvVaw2fC2NyEHtxQrZ8dYWQISJk\">Liity mukaan!<\/a><\/div>\n<\/div>\n<\/div>\n<\/div>\n<\/div><\/div>\n<\/div>\n\n\n\n<div class=\"wp-block-group alignfull has-mono-4-background-color has-background has-global-padding is-layout-constrained wp-container-core-group-is-layout-129f6e7c wp-block-group-is-layout-constrained\" style=\"margin-top:0;margin-bottom:0;padding-top:var(--wp--preset--spacing--superbspacing-large);padding-right:var(--wp--preset--spacing--superbspacing-small);padding-bottom:var(--wp--preset--spacing--superbspacing-large);padding-left:var(--wp--preset--spacing--superbspacing-small)\">\n<div class=\"wp-block-columns alignwide is-layout-flex wp-container-core-columns-is-layout-25593187 wp-block-columns-is-layout-flex\">\n<div class=\"wp-block-column is-vertically-aligned-center is-layout-flow wp-container-core-column-is-layout-a1628350 wp-block-column-is-layout-flow\" style=\"padding-top:0;padding-right:0;padding-bottom:0;padding-left:0\">\n<div class=\"wp-block-group is-layout-flow wp-container-core-group-is-layout-ff697075 wp-block-group-is-layout-flow\">\n<h3 class=\"wp-block-heading has-text-align-left has-superbfont-xlarge-font-size\" style=\"line-height:1.2\">Kuinka liitty\u00e4?<\/h3>\n\n\n\n<p class=\"has-mono-2-color has-text-color has-link-color wp-elements-94cdac768897cf260de3b7b7c9c10d47\">Myyrpartion j\u00e4seneksi voi liitty\u00e4 t\u00e4ll\u00e4 hetkell\u00e4 kaikki yli 7-vuotiaat partiosta kiinnostuneet. 7\u201314-vuotiaille j\u00e4rjest\u00e4mme viikkotoimintaa sek\u00e4 leiri\u00e4 ja retki\u00e4. Yli 15-vuotiaille j\u00e4rjest\u00e4mme johtajaohjelmaa sek\u00e4 ik\u00e4kauden omaa ohjelmaa. Lue lis\u00e4\u00e4 toiminnastamme lippukunta-sivulta.<\/p>\n\n\n\n<p class=\"has-mono-2-color has-text-color has-link-color wp-elements-06b1b94dde9c5a4874a90f7f94b2e50e\">Liity mukaan t\u00e4ytt\u00e4m\u00e4ll\u00e4 oheinen lomake (Huom! Alaik\u00e4isen huoltajan tulee t\u00e4ytt\u00e4\u00e4 lomake lapsen puolesta). Olemme hakijaan yhteydess\u00e4 kahden viikon sis\u00e4\u00e4n hakemuksen saapumisesta (loma-aikoina voi olla viivett\u00e4).<\/p>\n<\/div>\n\n\n\n<div class=\"wp-block-buttons is-layout-flex wp-container-core-buttons-is-layout-69f3c5ca wp-block-buttons-is-layout-flex\">\n<div class=\"wp-block-button\"><a class=\"wp-block-button__link has-superbfont-small-font-size has-custom-font-size wp-element-button\" href=\"https:\/\/www.google.com\/url?q=https%3A%2F%2Fkuksa.partio.fi%2Fkotisivut%2Fjasenhakemus.aspx%3Fid%3D9999056&amp;sa=D&amp;sntz=1&amp;usg=AOvVaw2fC2NyEHtxQrZ8dYWQISJk\" style=\"padding-top:var(--wp--preset--spacing--superbspacing-xsmall);padding-right:var(--wp--preset--spacing--superbspacing-xsmall);padding-bottom:var(--wp--preset--spacing--superbspacing-xsmall);padding-left:var(--wp--preset--spacing--superbspacing-xsmall)\">Liity mukaan<\/a><\/div>\n<\/div>\n<\/div>\n\n\n\n<div class=\"wp-block-column is-vertically-aligned-center is-layout-flow wp-container-core-column-is-layout-40a2a7e8 wp-block-column-is-layout-flow\" style=\"padding-right:0;padding-bottom:0;padding-left:0\">\n<figure class=\"wp-block-image size-large has-custom-border\"><img loading=\"lazy\" decoding=\"async\" width=\"1024\" height=\"632\" src=\"http:\/\/www.myyrpartio.fi\/wp-content\/uploads\/2025\/05\/IMG_1106-1024x632.jpg\" alt=\"\" class=\"wp-image-26\" style=\"border-radius:0px\" srcset=\"https:\/\/www.myyrpartio.fi\/wp-content\/uploads\/2025\/05\/IMG_1106-1024x632.jpg 1024w, https:\/\/www.myyrpartio.fi\/wp-content\/uploads\/2025\/05\/IMG_1106-300x185.jpg 300w, https:\/\/www.myyrpartio.fi\/wp-content\/uploads\/2025\/05\/IMG_1106-768x474.jpg 768w, https:\/\/www.myyrpartio.fi\/wp-content\/uploads\/2025\/05\/IMG_1106-1536x948.jpg 1536w, https:\/\/www.myyrpartio.fi\/wp-content\/uploads\/2025\/05\/IMG_1106-2048x1264.jpg 2048w\" sizes=\"auto, (max-width: 1024px) 100vw, 1024px\" \/><\/figure>\n<\/div>\n<\/div>\n<\/div>\n","protected":false},"excerpt":{"rendered":"<p>Kuinka liitty\u00e4? Myyrpartion j\u00e4seneksi voi liitty\u00e4 t\u00e4ll\u00e4 hetkell\u00e4 kaikki yli 7-vuotiaat partiosta kiinnostuneet. 7\u201314-vuotiaille j\u00e4rjest\u00e4mme viikkotoimintaa sek\u00e4 leiri\u00e4 ja retki\u00e4. Yli 15-vuotiaille j\u00e4rjest\u00e4mme johtajaohjelmaa sek\u00e4 ik\u00e4kauden omaa ohjelmaa. Lue lis\u00e4\u00e4 toiminnastamme lippukunta-sivulta. Liity mukaan t\u00e4ytt\u00e4m\u00e4ll\u00e4 oheinen lomake (Huom! Alaik\u00e4isen huoltajan tulee t\u00e4ytt\u00e4\u00e4 lomake lapsen puolesta). Olemme hakijaan yhteydess\u00e4 kahden viikon sis\u00e4\u00e4n hakemuksen saapumisesta (loma-aikoina voi [&hellip;]<\/p>\n","protected":false},"author":4,"featured_media":0,"parent":0,"menu_order":0,"comment_status":"closed","ping_status":"closed","template":"superbaddons-page-template","meta":{"footnotes":""},"class_list":["post-119","page","type-page","status-publish","hentry"],"_links":{"self":[{"href":"https:\/\/www.myyrpartio.fi\/index.php\/wp-json\/wp\/v2\/pages\/119","targetHints":{"allow":["GET"]}}],"collection":[{"href":"https:\/\/www.myyrpartio.fi\/index.php\/wp-json\/wp\/v2\/pages"}],"about":[{"href":"https:\/\/www.myyrpartio.fi\/index.php\/wp-json\/wp\/v2\/types\/page"}],"author":[{"embeddable":true,"href":"https:\/\/www.myyrpartio.fi\/index.php\/wp-json\/wp\/v2\/users\/4"}],"replies":[{"embeddable":true,"href":"https:\/\/www.myyrpartio.fi\/index.php\/wp-json\/wp\/v2\/comments?post=119"}],"version-history":[{"count":3,"href":"https:\/\/www.myyrpartio.fi\/index.php\/wp-json\/wp\/v2\/pages\/119\/revisions"}],"predecessor-version":[{"id":197,"href":"https:\/\/www.myyrpartio.fi\/index.php\/wp-json\/wp\/v2\/pages\/119\/revisions\/197"}],"wp:attachment":[{"href":"https:\/\/www.myyrpartio.fi\/index.php\/wp-json\/wp\/v2\/media?parent=119"}],"curies":[{"name":"wp","href":"https:\/\/api.w.org\/{rel}","templated":true}]}}